{"id":1412,"date":"2020-12-02T09:13:34","date_gmt":"2020-12-02T09:13:34","guid":{"rendered":"http:\/\/www.bagnoilgabbiano.it\/services\/"},"modified":"2020-12-02T09:30:35","modified_gmt":"2020-12-02T09:30:35","slug":"etablissement-balneaire-pour-familles","status":"publish","type":"page","link":"https:\/\/www.bagnoilgabbiano.it\/fr\/etablissement-balneaire-pour-familles\/","title":{"rendered":"Services"},"content":{"rendered":"<p>[vc_row full_width=\u00a0\u00bbstretch_row_content_no_spaces\u00a0\u00bb css=\u00a0\u00bb.vc_custom_1606727554254{padding-top: 100px !important;padding-bottom: 100px !important;background-color: #f3f5ea !important;}\u00a0\u00bb][vc_column][vc_row_inner][vc_column_inner]<div id=\"sc_title_777500798\"\n\t\tclass=\"sc_title sc_title_default  vc_custom_1606900768981\"><h3 class=\"sc_item_title sc_title_title sc_align_center sc_item_title_style_title-medium-size-style\">Ce que nous vous proposons<\/h3><\/div><!-- \/.sc_title -->[\/vc_column_inner][\/vc_row_inner][vc_row_inner css=\u00a0\u00bb.vc_custom_1606727387333{padding-right: 7% !important;padding-left: 7% !important;}\u00a0\u00bb][vc_column_inner width=\u00a0\u00bb1\/4&Prime; css=\u00a0\u00bb.vc_custom_1606727510957{padding-right: 5% !important;padding-left: 5% !important;}\u00a0\u00bb]<div class=\" cq-flipbox-container cq-bottomtop\" data-frontbg=\"\" data-backbg=\"#ffffff\" data-fontcolor=\"\" data-face1=\"cq-flipbox-left\" data-face2=\"cq-flipbox-right\" data-flipdirection=\"bottomtop\" data-elementheight=\"269\" data-avatarsize=\"86\" data-frontcontentcolor=\"\" data-backcontentcolor=\"#ffffff\" data-titlesize=\"\" data-contentsize=\"\" data-contentwidth=\"\" data-iconcolor=\"#ffffff\" data-iconbg=\"#4aa4c5\" data-elementmargin=\"30px 0 0\" data-elementwidth=\"\" data-cardborder=\"\" data-cardbordersize=\"\" data-bordercolor=\"#999\" data-backbuttonbg=\"#4aa4c5\" data-backbuttonhoverbg=\"\" data-contentmargintop=\"\" data-cardshape=\"square\" data-frontfullimage=\"https:\/\/www.bagnoilgabbiano.it\/wp-content\/uploads\/2020\/11\/Spiaggia-ombrelloni-3-scaled.jpg\" data-avatartype=\"none\" data-backfullimage=\"\" data-backavatar=\"icon\"><a href=\"http:\/\/www.bagnoilgabbiano.it\/fr\/services\/location-dequipement\/\" title=\"Location d'\u00e9quipement\" target=\"\" class=\"cq-flipbox-link\"><div class=\"cq-flipbox-flipper\"><div class=\"cq-flipbox-item cq-flipbox-left\" onclick=\"\"><div class=\"cq-flipbox-content\"><h4 class=\"cq-flipbox-title\">Location d'\u00e9quipement<\/h4><\/div><\/div><div class=\"cq-flipbox-item cq-flipbox-right\" onclick=\"\"><div class=\"cq-flipbox-content\"><i class=\"cq-flipbox-cardavatar cq-noshadow fas fa-umbrella-beach\"><\/i><\/div><\/div><\/div><\/a><\/div>[\/vc_column_inner][vc_column_inner width=\u00a0\u00bb1\/4&Prime; css=\u00a0\u00bb.vc_custom_1606727514876{padding-right: 5% !important;padding-left: 5% !important;}\u00a0\u00bb]<div class=\" cq-flipbox-container cq-bottomtop\" data-frontbg=\"\" data-backbg=\"#ffffff\" data-fontcolor=\"\" data-face1=\"cq-flipbox-left\" data-face2=\"cq-flipbox-right\" data-flipdirection=\"bottomtop\" data-elementheight=\"269\" data-avatarsize=\"86\" data-frontcontentcolor=\"\" data-backcontentcolor=\"\" data-titlesize=\"\" data-contentsize=\"\" data-contentwidth=\"\" data-iconcolor=\"#ffffff\" data-iconbg=\"#4aa4c5\" data-elementmargin=\"30px 0 0\" data-elementwidth=\"\" data-cardborder=\"\" data-cardbordersize=\"\" data-bordercolor=\"#999\" data-backbuttonbg=\"\" data-backbuttonhoverbg=\"\" data-contentmargintop=\"\" data-cardshape=\"square\" data-frontfullimage=\"https:\/\/www.bagnoilgabbiano.it\/wp-content\/uploads\/2020\/11\/Foto0017-e1606471153605.jpg\" data-avatartype=\"none\" data-backfullimage=\"\" data-backavatar=\"icon\"><a href=\"http:\/\/www.bagnoilgabbiano.it\/fr\/services\/bar-et-restaurant\/\" title=\"Bar de restauration\" target=\"\" class=\"cq-flipbox-link\"><div class=\"cq-flipbox-flipper\"><div class=\"cq-flipbox-item cq-flipbox-left\" onclick=\"\"><div class=\"cq-flipbox-content\"><h4 class=\"cq-flipbox-title\">Bar de restauration<\/h4><\/div><\/div><div class=\"cq-flipbox-item cq-flipbox-right\" onclick=\"\"><div class=\"cq-flipbox-content\"><i class=\"cq-flipbox-cardavatar cq-noshadow fas fa-cocktail\"><\/i><\/div><\/div><\/div><\/a><\/div>[\/vc_column_inner][vc_column_inner width=\u00a0\u00bb1\/4&Prime; css=\u00a0\u00bb.vc_custom_1606727519461{padding-right: 5% !important;padding-left: 5% !important;}\u00a0\u00bb]<div class=\" cq-flipbox-container cq-bottomtop\" data-frontbg=\"\" data-backbg=\"#ffffff\" data-fontcolor=\"\" data-face1=\"cq-flipbox-left\" data-face2=\"cq-flipbox-right\" data-flipdirection=\"bottomtop\" data-elementheight=\"269\" data-avatarsize=\"86\" data-frontcontentcolor=\"\" data-backcontentcolor=\"#2d4059\" data-titlesize=\"\" data-contentsize=\"\" data-contentwidth=\"\" data-iconcolor=\"#ffffff\" data-iconbg=\"#4aa4c5\" data-elementmargin=\"30px 0 0\" data-elementwidth=\"\" data-cardborder=\"\" data-cardbordersize=\"\" data-bordercolor=\"#999\" data-backbuttonbg=\"#4aa4c5\" data-backbuttonhoverbg=\"\" data-contentmargintop=\"\" data-cardshape=\"square\" data-frontfullimage=\"https:\/\/www.bagnoilgabbiano.it\/wp-content\/uploads\/2020\/11\/clay-banks-Qpgjbf6emd0-unsplash.jpg\" data-avatartype=\"none\" data-backfullimage=\"\" data-backavatar=\"icon\"><a href=\"http:\/\/www.bagnoilgabbiano.it\/fr\/services\/toilette-et-nettoyage\/\" title=\"Toilette et nettoyage\" target=\"\" class=\"cq-flipbox-link\"><div class=\"cq-flipbox-flipper\"><div class=\"cq-flipbox-item cq-flipbox-left\" onclick=\"\"><div class=\"cq-flipbox-content\"><h4 class=\"cq-flipbox-title\">Toilette et nettoyage<\/h4><\/div><\/div><div class=\"cq-flipbox-item cq-flipbox-right\" onclick=\"\"><div class=\"cq-flipbox-content\"><i class=\"cq-flipbox-cardavatar cq-noshadow fas fa-shower\"><\/i><\/div><\/div><\/div><\/a><\/div>[\/vc_column_inner][vc_column_inner width=\u00a0\u00bb1\/4&Prime; css=\u00a0\u00bb.vc_custom_1606727523380{padding-right: 5% !important;padding-left: 5% !important;}\u00a0\u00bb]<div class=\" cq-flipbox-container cq-bottomtop\" data-frontbg=\"\" data-backbg=\"#ffffff\" data-fontcolor=\"\" data-face1=\"cq-flipbox-left\" data-face2=\"cq-flipbox-right\" data-flipdirection=\"bottomtop\" data-elementheight=\"269\" data-avatarsize=\"86\" data-frontcontentcolor=\"\" data-backcontentcolor=\"#2d4059\" data-titlesize=\"\" data-contentsize=\"\" data-contentwidth=\"\" data-iconcolor=\"#ffffff\" data-iconbg=\"#4aa4c5\" data-elementmargin=\"30px 0 0\" data-elementwidth=\"\" data-cardborder=\"\" data-cardbordersize=\"\" data-bordercolor=\"#999\" data-backbuttonbg=\"#4aa4c5\" data-backbuttonhoverbg=\"\" data-contentmargintop=\"\" data-cardshape=\"square\" data-frontfullimage=\"https:\/\/www.bagnoilgabbiano.it\/wp-content\/uploads\/2020\/11\/BagniConCartello-scaled.jpg\" data-avatartype=\"none\" data-backfullimage=\"\" data-backavatar=\"icon\"><a href=\"http:\/\/www.bagnoilgabbiano.it\/fr\/services\/service-daccueil-notre-personnel\/\" title=\"R\u00e9ception des services\" target=\"\" class=\"cq-flipbox-link\"><div class=\"cq-flipbox-flipper\"><div class=\"cq-flipbox-item cq-flipbox-left\" onclick=\"\"><div class=\"cq-flipbox-content\"><h4 class=\"cq-flipbox-title\">R\u00e9ception des services<\/h4><\/div><\/div><div class=\"cq-flipbox-item cq-flipbox-right\" onclick=\"\"><div class=\"cq-flipbox-content\"><i class=\"cq-flipbox-cardavatar cq-noshadow fas fa-hands-helping\"><\/i><\/div><\/div><\/div><\/a><\/div>[\/vc_column_inner][\/vc_row_inner][vc_row_inner css=\u00a0\u00bb.vc_custom_1606727391389{padding-right: 7% !important;padding-left: 7% !important;}\u00a0\u00bb][vc_column_inner width=\u00a0\u00bb1\/4&Prime;]<div class=\" cq-flipbox-container cq-bottomtop\" data-frontbg=\"\" data-backbg=\"#ffffff\" data-fontcolor=\"\" data-face1=\"cq-flipbox-left\" data-face2=\"cq-flipbox-right\" data-flipdirection=\"bottomtop\" data-elementheight=\"269\" data-avatarsize=\"86\" data-frontcontentcolor=\"\" data-backcontentcolor=\"#2d4059\" data-titlesize=\"\" data-contentsize=\"\" data-contentwidth=\"\" data-iconcolor=\"#ffffff\" data-iconbg=\"#4aa4c5\" data-elementmargin=\"30px 0 0\" data-elementwidth=\"\" data-cardborder=\"\" data-cardbordersize=\"\" data-bordercolor=\"#999\" data-backbuttonbg=\"#4aa4c5\" data-backbuttonhoverbg=\"\" data-contentmargintop=\"\" data-cardshape=\"square\" data-frontfullimage=\"https:\/\/www.bagnoilgabbiano.it\/wp-content\/uploads\/2020\/11\/bernard-hermant-X0EtNWqMnq8-unsplash-e1606471214504.jpg\" data-avatartype=\"none\" data-backfullimage=\"\" data-backavatar=\"icon\"><a href=\"http:\/\/www.bagnoilgabbiano.it\/fr\/services\/wifi-gratuit\/\" title=\"Wifi gratuit\" target=\"\" class=\"cq-flipbox-link\"><div class=\"cq-flipbox-flipper\"><div class=\"cq-flipbox-item cq-flipbox-left\" onclick=\"\"><div class=\"cq-flipbox-content\"><h4 class=\"cq-flipbox-title\">Wi Fi<\/h4><\/div><\/div><div class=\"cq-flipbox-item cq-flipbox-right\" onclick=\"\"><div class=\"cq-flipbox-content\"><i class=\"cq-flipbox-cardavatar cq-noshadow fas fa-wifi\"><\/i><\/div><\/div><\/div><\/a><\/div>[\/vc_column_inner][vc_column_inner width=\u00a0\u00bb1\/4&Prime; css=\u00a0\u00bb.vc_custom_1606727527661{padding-right: 5% !important;padding-left: 5% !important;}\u00a0\u00bb]<div class=\" cq-flipbox-container cq-bottomtop\" data-frontbg=\"\" data-backbg=\"#ffffff\" data-fontcolor=\"\" data-face1=\"cq-flipbox-left\" data-face2=\"cq-flipbox-right\" data-flipdirection=\"bottomtop\" data-elementheight=\"269\" data-avatarsize=\"86\" data-frontcontentcolor=\"\" data-backcontentcolor=\"#2d4059\" data-titlesize=\"\" data-contentsize=\"\" data-contentwidth=\"\" data-iconcolor=\"#ffffff\" data-iconbg=\"#4aa4c5\" data-elementmargin=\"30px 0 0\" data-elementwidth=\"\" data-cardborder=\"\" data-cardbordersize=\"\" data-bordercolor=\"#999\" data-backbuttonbg=\"#4aa4c5\" data-backbuttonhoverbg=\"\" data-contentmargintop=\"\" data-cardshape=\"square\" data-frontfullimage=\"https:\/\/www.bagnoilgabbiano.it\/wp-content\/uploads\/2020\/11\/blue-791340_1280.jpg\" data-avatartype=\"none\" data-backfullimage=\"\" data-backavatar=\"icon\"><a href=\"http:\/\/www.bagnoilgabbiano.it\/fr\/services\/location-de-pedalo\/\" title=\"Location de p\u00e9dalos\" target=\"\" class=\"cq-flipbox-link\"><div class=\"cq-flipbox-flipper\"><div class=\"cq-flipbox-item cq-flipbox-left\" onclick=\"\"><div class=\"cq-flipbox-content\"><h4 class=\"cq-flipbox-title\">Location de p\u00e9dalos<\/h4><\/div><\/div><div class=\"cq-flipbox-item cq-flipbox-right\" onclick=\"\"><div class=\"cq-flipbox-content\"><i class=\"cq-flipbox-cardavatar cq-noshadow fas fa-life-ring\"><\/i><\/div><\/div><\/div><\/a><\/div>[\/vc_column_inner][vc_column_inner width=\u00a0\u00bb1\/4&Prime; css=\u00a0\u00bb.vc_custom_1606727531196{padding-right: 5% !important;padding-left: 5% !important;}\u00a0\u00bb]<div class=\" cq-flipbox-container cq-bottomtop\" data-frontbg=\"\" data-backbg=\"#ffffff\" data-fontcolor=\"\" data-face1=\"cq-flipbox-left\" data-face2=\"cq-flipbox-right\" data-flipdirection=\"bottomtop\" data-elementheight=\"269\" data-avatarsize=\"86\" data-frontcontentcolor=\"\" data-backcontentcolor=\"#2d4059\" data-titlesize=\"\" data-contentsize=\"\" data-contentwidth=\"\" data-iconcolor=\"#ffffff\" data-iconbg=\"#4aa4c5\" data-elementmargin=\"30px 0 0\" data-elementwidth=\"\" data-cardborder=\"\" data-cardbordersize=\"\" data-bordercolor=\"#999\" data-backbuttonbg=\"#4aa4c5\" data-backbuttonhoverbg=\"\" data-contentmargintop=\"\" data-cardshape=\"square\" data-frontfullimage=\"https:\/\/www.bagnoilgabbiano.it\/wp-content\/uploads\/2020\/11\/bucket-1005891_1280.jpg\" data-avatartype=\"none\" data-backfullimage=\"\" data-backavatar=\"icon\"><a href=\"http:\/\/www.bagnoilgabbiano.it\/fr\/services\/zone-de-divertissement-pour-les-enfants\/\" title=\"Zone de divertissement pour les enfants\" target=\"\" class=\"cq-flipbox-link\"><div class=\"cq-flipbox-flipper\"><div class=\"cq-flipbox-item cq-flipbox-left\" onclick=\"\"><div class=\"cq-flipbox-content\"><h4 class=\"cq-flipbox-title\">Zone de divertissement pour les enfants<\/h4><\/div><\/div><div class=\"cq-flipbox-item cq-flipbox-right\" onclick=\"\"><div class=\"cq-flipbox-content\"><i class=\"cq-flipbox-cardavatar cq-noshadow fas fa-puzzle-piece\"><\/i><\/div><\/div><\/div><\/a><\/div>[\/vc_column_inner][vc_column_inner width=\u00a0\u00bb1\/4&Prime; css=\u00a0\u00bb.vc_custom_1606727535733{padding-right: 5% !important;padding-left: 5% !important;}\u00a0\u00bb][\/vc_column_inner][\/vc_row_inner][\/vc_column][\/vc_row]<\/p>\n","protected":false},"excerpt":{"rendered":"<p>[vc_row full_width=\u00a0\u00bbstretch_row_content_no_spaces\u00a0\u00bb css=\u00a0\u00bb.vc_custom_1606727554254{padding-top: 100px !important;padding-bottom: 100px !important;background-color: #f3f5ea !important;}\u00a0\u00bb][vc_column][vc_row_inner][vc_column_inner][\/vc_column_inner][\/vc_row_inner][vc_row_inner css=\u00a0\u00bb.vc_custom_1606727387333{padding-right: 7% !important;padding-left: 7% !important;}\u00a0\u00bb][vc_column_inner width=\u00a0\u00bb1\/4&Prime; css=\u00a0\u00bb.vc_custom_1606727510957{padding-right: 5% !important;padding-left: 5% !important;}\u00a0\u00bb][\/vc_column_inner][vc_column_inner&hellip;<\/p>\n","protected":false},"author":1,"featured_media":1138,"parent":0,"menu_order":0,"comment_status":"closed","ping_status":"closed","template":"","meta":{"_joinchat":[]},"yoast_head":"<!-- This site is optimized with the Yoast SEO plugin v19.8 - https:\/\/yoast.com\/wordpress\/plugins\/seo\/ -->\n<title>\u00e9tablissement baln\u00e9aire pour familles et enfants \u00e0 Follonica<\/title>\n<meta name=\"description\" content=\"\u00e9tablissement baln\u00e9aire pour familles et enfants \u00e0 Follonica avec restaurant, bar, wifi, location de p\u00e9dalos et toilettes\" \/>\n<meta name=\"robots\" content=\"index, follow, max-snippet:-1, max-image-preview:large, max-video-preview:-1\" \/>\n<link rel=\"canonical\" href=\"https:\/\/www.bagnoilgabbiano.it\/fr\/etablissement-balneaire-pour-familles\/\" \/>\n<meta property=\"og:locale\" content=\"fr_FR\" \/>\n<meta property=\"og:type\" content=\"article\" \/>\n<meta property=\"og:title\" content=\"\u00e9tablissement baln\u00e9aire pour familles et enfants \u00e0 Follonica\" \/>\n<meta property=\"og:description\" content=\"\u00e9tablissement baln\u00e9aire pour familles et enfants \u00e0 Follonica avec restaurant, bar, wifi, location de p\u00e9dalos et toilettes\" \/>\n<meta property=\"og:url\" content=\"https:\/\/www.bagnoilgabbiano.it\/fr\/etablissement-balneaire-pour-familles\/\" \/>\n<meta property=\"og:site_name\" content=\"Stabilimento Balneare il Gabbiano Follonica, mare Toscana\" \/>\n<meta property=\"article:publisher\" content=\"https:\/\/www.facebook.com\/pages\/Bagno-Il-Gabbiano\/245784909503660\" \/>\n<meta property=\"article:modified_time\" content=\"2020-12-02T09:30:35+00:00\" \/>\n<meta property=\"og:image\" content=\"https:\/\/www.bagnoilgabbiano.it\/wp-content\/uploads\/2020\/11\/sfondo-servizi.jpg\" \/>\n\t<meta property=\"og:image:width\" content=\"1600\" \/>\n\t<meta property=\"og:image:height\" content=\"460\" \/>\n\t<meta property=\"og:image:type\" content=\"image\/jpeg\" \/>\n<meta name=\"twitter:card\" content=\"summary_large_image\" \/>\n<meta name=\"twitter:label1\" content=\"Dur\u00e9e de lecture estim\u00e9e\" \/>\n\t<meta name=\"twitter:data1\" content=\"3 minutes\" \/>\n<script type=\"application\/ld+json\" class=\"yoast-schema-graph\">{\"@context\":\"https:\/\/schema.org\",\"@graph\":[{\"@type\":\"WebPage\",\"@id\":\"https:\/\/www.bagnoilgabbiano.it\/fr\/etablissement-balneaire-pour-familles\/\",\"url\":\"https:\/\/www.bagnoilgabbiano.it\/fr\/etablissement-balneaire-pour-familles\/\",\"name\":\"\u00e9tablissement baln\u00e9aire pour familles et enfants \u00e0 Follonica\",\"isPartOf\":{\"@id\":\"https:\/\/www.bagnoilgabbiano.it\/fr\/#website\"},\"datePublished\":\"2020-12-02T09:13:34+00:00\",\"dateModified\":\"2020-12-02T09:30:35+00:00\",\"description\":\"\u00e9tablissement baln\u00e9aire pour familles et enfants \u00e0 Follonica avec restaurant, bar, wifi, location de p\u00e9dalos et toilettes\",\"breadcrumb\":{\"@id\":\"https:\/\/www.bagnoilgabbiano.it\/fr\/etablissement-balneaire-pour-familles\/#breadcrumb\"},\"inLanguage\":\"fr-FR\",\"potentialAction\":[{\"@type\":\"ReadAction\",\"target\":[\"https:\/\/www.bagnoilgabbiano.it\/fr\/etablissement-balneaire-pour-familles\/\"]}]},{\"@type\":\"BreadcrumbList\",\"@id\":\"https:\/\/www.bagnoilgabbiano.it\/fr\/etablissement-balneaire-pour-familles\/#breadcrumb\",\"itemListElement\":[{\"@type\":\"ListItem\",\"position\":1,\"name\":\"Home\",\"item\":\"https:\/\/www.bagnoilgabbiano.it\/fr\/station-balneaire-il-gabbiano\/\"},{\"@type\":\"ListItem\",\"position\":2,\"name\":\"Services\"}]},{\"@type\":\"WebSite\",\"@id\":\"https:\/\/www.bagnoilgabbiano.it\/fr\/#website\",\"url\":\"https:\/\/www.bagnoilgabbiano.it\/fr\/\",\"name\":\"Stabilimento Balneare il Gabbiano Follonica, mare Toscana\",\"description\":\"Bagno il Gabbiano Follonica\",\"publisher\":{\"@id\":\"https:\/\/www.bagnoilgabbiano.it\/fr\/#organization\"},\"potentialAction\":[{\"@type\":\"SearchAction\",\"target\":{\"@type\":\"EntryPoint\",\"urlTemplate\":\"https:\/\/www.bagnoilgabbiano.it\/fr\/?s={search_term_string}\"},\"query-input\":\"required name=search_term_string\"}],\"inLanguage\":\"fr-FR\"},{\"@type\":\"Organization\",\"@id\":\"https:\/\/www.bagnoilgabbiano.it\/fr\/#organization\",\"name\":\"Stabilimento Balneare il Gabbiano Follonica\",\"url\":\"https:\/\/www.bagnoilgabbiano.it\/fr\/\",\"sameAs\":[\"https:\/\/www.facebook.com\/pages\/Bagno-Il-Gabbiano\/245784909503660\"],\"logo\":{\"@type\":\"ImageObject\",\"inLanguage\":\"fr-FR\",\"@id\":\"https:\/\/www.bagnoilgabbiano.it\/fr\/#\/schema\/logo\/image\/\",\"url\":\"https:\/\/www.bagnoilgabbiano.it\/wp-content\/uploads\/2020\/11\/logo_verticale-e1606733506166.png\",\"contentUrl\":\"https:\/\/www.bagnoilgabbiano.it\/wp-content\/uploads\/2020\/11\/logo_verticale-e1606733506166.png\",\"width\":882,\"height\":1200,\"caption\":\"Stabilimento Balneare il Gabbiano Follonica\"},\"image\":{\"@id\":\"https:\/\/www.bagnoilgabbiano.it\/fr\/#\/schema\/logo\/image\/\"}}]}<\/script>\n<!-- \/ Yoast SEO plugin. -->","yoast_head_json":{"title":"\u00e9tablissement baln\u00e9aire pour familles et enfants \u00e0 Follonica","description":"\u00e9tablissement baln\u00e9aire pour familles et enfants \u00e0 Follonica avec restaurant, bar, wifi, location de p\u00e9dalos et toilettes","robots":{"index":"index","follow":"follow","max-snippet":"max-snippet:-1","max-image-preview":"max-image-preview:large","max-video-preview":"max-video-preview:-1"},"canonical":"https:\/\/www.bagnoilgabbiano.it\/fr\/etablissement-balneaire-pour-familles\/","og_locale":"fr_FR","og_type":"article","og_title":"\u00e9tablissement baln\u00e9aire pour familles et enfants \u00e0 Follonica","og_description":"\u00e9tablissement baln\u00e9aire pour familles et enfants \u00e0 Follonica avec restaurant, bar, wifi, location de p\u00e9dalos et toilettes","og_url":"https:\/\/www.bagnoilgabbiano.it\/fr\/etablissement-balneaire-pour-familles\/","og_site_name":"Stabilimento Balneare il Gabbiano Follonica, mare Toscana","article_publisher":"https:\/\/www.facebook.com\/pages\/Bagno-Il-Gabbiano\/245784909503660","article_modified_time":"2020-12-02T09:30:35+00:00","og_image":[{"width":1600,"height":460,"url":"https:\/\/www.bagnoilgabbiano.it\/wp-content\/uploads\/2020\/11\/sfondo-servizi.jpg","type":"image\/jpeg"}],"twitter_card":"summary_large_image","twitter_misc":{"Dur\u00e9e de lecture estim\u00e9e":"3 minutes"},"schema":{"@context":"https:\/\/schema.org","@graph":[{"@type":"WebPage","@id":"https:\/\/www.bagnoilgabbiano.it\/fr\/etablissement-balneaire-pour-familles\/","url":"https:\/\/www.bagnoilgabbiano.it\/fr\/etablissement-balneaire-pour-familles\/","name":"\u00e9tablissement baln\u00e9aire pour familles et enfants \u00e0 Follonica","isPartOf":{"@id":"https:\/\/www.bagnoilgabbiano.it\/fr\/#website"},"datePublished":"2020-12-02T09:13:34+00:00","dateModified":"2020-12-02T09:30:35+00:00","description":"\u00e9tablissement baln\u00e9aire pour familles et enfants \u00e0 Follonica avec restaurant, bar, wifi, location de p\u00e9dalos et toilettes","breadcrumb":{"@id":"https:\/\/www.bagnoilgabbiano.it\/fr\/etablissement-balneaire-pour-familles\/#breadcrumb"},"inLanguage":"fr-FR","potentialAction":[{"@type":"ReadAction","target":["https:\/\/www.bagnoilgabbiano.it\/fr\/etablissement-balneaire-pour-familles\/"]}]},{"@type":"BreadcrumbList","@id":"https:\/\/www.bagnoilgabbiano.it\/fr\/etablissement-balneaire-pour-familles\/#breadcrumb","itemListElement":[{"@type":"ListItem","position":1,"name":"Home","item":"https:\/\/www.bagnoilgabbiano.it\/fr\/station-balneaire-il-gabbiano\/"},{"@type":"ListItem","position":2,"name":"Services"}]},{"@type":"WebSite","@id":"https:\/\/www.bagnoilgabbiano.it\/fr\/#website","url":"https:\/\/www.bagnoilgabbiano.it\/fr\/","name":"Stabilimento Balneare il Gabbiano Follonica, mare Toscana","description":"Bagno il Gabbiano Follonica","publisher":{"@id":"https:\/\/www.bagnoilgabbiano.it\/fr\/#organization"},"potentialAction":[{"@type":"SearchAction","target":{"@type":"EntryPoint","urlTemplate":"https:\/\/www.bagnoilgabbiano.it\/fr\/?s={search_term_string}"},"query-input":"required name=search_term_string"}],"inLanguage":"fr-FR"},{"@type":"Organization","@id":"https:\/\/www.bagnoilgabbiano.it\/fr\/#organization","name":"Stabilimento Balneare il Gabbiano Follonica","url":"https:\/\/www.bagnoilgabbiano.it\/fr\/","sameAs":["https:\/\/www.facebook.com\/pages\/Bagno-Il-Gabbiano\/245784909503660"],"logo":{"@type":"ImageObject","inLanguage":"fr-FR","@id":"https:\/\/www.bagnoilgabbiano.it\/fr\/#\/schema\/logo\/image\/","url":"https:\/\/www.bagnoilgabbiano.it\/wp-content\/uploads\/2020\/11\/logo_verticale-e1606733506166.png","contentUrl":"https:\/\/www.bagnoilgabbiano.it\/wp-content\/uploads\/2020\/11\/logo_verticale-e1606733506166.png","width":882,"height":1200,"caption":"Stabilimento Balneare il Gabbiano Follonica"},"image":{"@id":"https:\/\/www.bagnoilgabbiano.it\/fr\/#\/schema\/logo\/image\/"}}]}},"_links":{"self":[{"href":"https:\/\/www.bagnoilgabbiano.it\/fr\/wp-json\/wp\/v2\/pages\/1412"}],"collection":[{"href":"https:\/\/www.bagnoilgabbiano.it\/fr\/wp-json\/wp\/v2\/pages"}],"about":[{"href":"https:\/\/www.bagnoilgabbiano.it\/fr\/wp-json\/wp\/v2\/types\/page"}],"author":[{"embeddable":true,"href":"https:\/\/www.bagnoilgabbiano.it\/fr\/wp-json\/wp\/v2\/users\/1"}],"replies":[{"embeddable":true,"href":"https:\/\/www.bagnoilgabbiano.it\/fr\/wp-json\/wp\/v2\/comments?post=1412"}],"version-history":[{"count":0,"href":"https:\/\/www.bagnoilgabbiano.it\/fr\/wp-json\/wp\/v2\/pages\/1412\/revisions"}],"wp:featuredmedia":[{"embeddable":true,"href":"https:\/\/www.bagnoilgabbiano.it\/fr\/wp-json\/wp\/v2\/media\/1138"}],"wp:attachment":[{"href":"https:\/\/www.bagnoilgabbiano.it\/fr\/wp-json\/wp\/v2\/media?parent=1412"}],"curies":[{"name":"wp","href":"https:\/\/api.w.org\/{rel}","templated":true}]}}