{"id":1511,"date":"2021-01-13T10:59:14","date_gmt":"2021-01-13T10:59:14","guid":{"rendered":"https:\/\/www.bagnoilgabbiano.it\/photogallery\/"},"modified":"2021-01-13T10:59:14","modified_gmt":"2021-01-13T10:59:14","slug":"photogallery","status":"publish","type":"page","link":"https:\/\/www.bagnoilgabbiano.it\/fr\/photogallery\/","title":{"rendered":"Photogallery"},"content":{"rendered":"<p>[vc_row full_width=\u00a0\u00bbstretch_row_content\u00a0\u00bb gap=\u00a0\u00bb4&Prime; equal_height=\u00a0\u00bbyes\u00a0\u00bb css=\u00a0\u00bb.vc_custom_1606922799897{padding-top: 6.2em !important;padding-bottom: 7.2em !important;background-position: center !important;background-repeat: no-repeat !important;background-size: cover !important;}\u00a0\u00bb][vc_column][vc_masonry_media_grid element_width=\u00a0\u00bb3&Prime; grid_id=\u00a0\u00bbvc_gid:1610535320407-a9a6a894-378d-10&Prime; include=\u00a0\u00bb1263,1260,1254,1251,1248,1245,1235,1141,1087,1081,1045,1039&Prime;][\/vc_column][\/vc_row][vc_row full_width=\u00a0\u00bbstretch_row\u00a0\u00bb parallax=\u00a0\u00bbcontent-moving\u00a0\u00bb css=\u00a0\u00bb.vc_custom_1606731718849{padding-top: 40px !important;padding-bottom: 20px !important;background-image: url(http:\/\/www.bagnoilgabbiano.it\/wp-content\/uploads\/2020\/11\/Schermata-2020-11-30-alle-10.57.21.png?id=1246) !important;background-position: center;background-repeat: no-repeat !important;background-size: cover !important;}\u00a0\u00bb][vc_column css=\u00a0\u00bb.vc_custom_1476875423577{margin-bottom: 3.4em !important;}\u00a0\u00bb]<div id=\"sc_title_1181442125\"\n\t\tclass=\"scheme_default sc_title sc_title_default\"><h3 class=\"sc_item_title sc_title_title sc_align_center sc_item_title_style_inverse-title-style\">Richiedi un preventivo!<\/h3><\/div><!-- \/.sc_title -->[vc_empty_space height=\u00a0\u00bb20px\u00a0\u00bb hide_on_mobile=\u00a0\u00bb\u00a0\u00bb]<div role=\"form\" class=\"wpcf7\" id=\"wpcf7-f1285-o1\" lang=\"fr-FR\" dir=\"ltr\">\n<div class=\"screen-reader-response\"><p role=\"status\" aria-live=\"polite\" aria-atomic=\"true\"><\/p> <ul><\/ul><\/div>\n<form action=\"\/fr\/wp-json\/wp\/v2\/pages\/1511#wpcf7-f1285-o1\" method=\"post\" class=\"wpcf7-form init wpcf7-acceptance-as-validation\" novalidate=\"novalidate\" data-status=\"init\">\n<div style=\"display: none;\">\n<input type=\"hidden\" name=\"_wpcf7\" value=\"1285\" \/>\n<input type=\"hidden\" name=\"_wpcf7_version\" value=\"5.6.3\" \/>\n<input type=\"hidden\" name=\"_wpcf7_locale\" value=\"fr_FR\" \/>\n<input type=\"hidden\" name=\"_wpcf7_unit_tag\" value=\"wpcf7-f1285-o1\" \/>\n<input type=\"hidden\" name=\"_wpcf7_container_post\" value=\"0\" \/>\n<input type=\"hidden\" name=\"_wpcf7_posted_data_hash\" value=\"\" \/>\n<input type=\"hidden\" name=\"_wpcf7_recaptcha_response\" value=\"\" \/>\n<\/div>\n<div class=\"vc_row columns_wrap\">\n<div class=\"vc_col-sm-6 preventivo\"><span class=\"wpcf7-form-control-wrap\" data-name=\"nome\"><input type=\"text\" name=\"nome\" value=\"\" size=\"40\" class=\"wpcf7-form-control wpcf7-text wpcf7-validates-as-required\" aria-required=\"true\" aria-invalid=\"false\" placeholder=\"Nom\" \/><\/span><\/div>\n<div class=\"vc_col-sm-6 preventivo\"><span class=\"wpcf7-form-control-wrap\" data-name=\"cognome\"><input type=\"text\" name=\"cognome\" value=\"\" size=\"40\" class=\"wpcf7-form-control wpcf7-text wpcf7-validates-as-required\" aria-required=\"true\" aria-invalid=\"false\" placeholder=\"Nom de famille\" \/><\/span><\/div>\n<\/div>\n<div class=\"vc_row columns_wrap\">\n<div class=\"vc_col-sm-6 preventivo\"><span class=\"wpcf7-form-control-wrap\" data-name=\"email\"><input type=\"email\" name=\"email\" value=\"\" size=\"40\" class=\"wpcf7-form-control wpcf7-text wpcf7-email wpcf7-validates-as-required wpcf7-validates-as-email\" aria-required=\"true\" aria-invalid=\"false\" placeholder=\"Email\" \/><\/span><\/div>\n<div class=\"vc_col-sm-6 preventivo\"><span class=\"wpcf7-form-control-wrap\" data-name=\"tel\"><input type=\"tel\" name=\"tel\" value=\"\" size=\"40\" class=\"wpcf7-form-control wpcf7-text wpcf7-tel wpcf7-validates-as-tel\" aria-invalid=\"false\" placeholder=\"T\u00e9l\u00e9phone\" \/><\/span><\/div>\n<\/div>\n<div class=\"vc_row columns_wrap\">\n<div class=\"vc_col-sm-4 preventivo\"><span class=\"wpcf7-form-control-wrap\" data-name=\"arrivo\"><input type=\"date\" name=\"arrivo\" value=\"\" class=\"wpcf7-form-control wpcf7-date wpcf7-validates-as-required wpcf7-validates-as-date\" min=\"2020-11-26\" aria-required=\"true\" aria-invalid=\"false\" placeholder=\"Date d&#039;arriv\u00e9e\" \/><\/span><\/div>\n<div class=\"vc_col-sm-4 preventivo\"><span class=\"wpcf7-form-control-wrap\" data-name=\"partenza\"><input type=\"date\" name=\"partenza\" value=\"\" class=\"wpcf7-form-control wpcf7-date wpcf7-validates-as-required wpcf7-validates-as-date\" min=\"2020-11-26\" aria-required=\"true\" aria-invalid=\"false\" placeholder=\"Date de d\u00e9part\" \/><\/span><\/div>\n<div class=\"vc_col-sm-4 preventivo\"><span class=\"wpcf7-form-control-wrap\" data-name=\"persone\"><input type=\"text\" name=\"persone\" value=\"\" size=\"40\" class=\"wpcf7-form-control wpcf7-text wpcf7-validates-as-required\" aria-required=\"true\" aria-invalid=\"false\" placeholder=\"Nombre de personne\" \/><\/span><\/div>\n<\/div>\n<div class=\"vc_row columns_wrap\">\n<div class=\"vc_col-sm-12 preventivo\"><span class=\"wpcf7-form-control-wrap\" data-name=\"richieste\"><textarea name=\"richieste\" cols=\"40\" rows=\"10\" class=\"wpcf7-form-control wpcf7-textarea\" aria-invalid=\"false\" placeholder=\"Demandes particuli\u00e8res\"><\/textarea><\/span><\/div>\n<\/div>\n<div class=\"vc_row columns_wrap\">\n<div class=\"vc_col-sm-12 preventivo\">\n<span class=\"wpcf7-form-control-wrap\" data-name=\"acceptance-279\"><span class=\"wpcf7-form-control wpcf7-acceptance optional\"><span class=\"wpcf7-list-item\"><label><input type=\"checkbox\" name=\"acceptance-279\" value=\"1\" aria-invalid=\"false\" \/><span class=\"wpcf7-list-item-label\">Je souhaite m'inscrire \u00e0 la newsletter<\/span><\/label><\/span><\/span><\/span><br \/>\n<span class=\"wpcf7-form-control-wrap\" data-name=\"acceptance-278\"><span class=\"wpcf7-form-control wpcf7-acceptance\"><span class=\"wpcf7-list-item\"><label><input type=\"checkbox\" name=\"acceptance-278\" value=\"1\" aria-invalid=\"false\" \/><span class=\"wpcf7-list-item-label\">J'autorise le site \u00e0 g\u00e9rer mes donn\u00e9es pour r\u00e9pondre \u00e0 ma demande. Les donn\u00e9es peuvent \u00eatre enregistr\u00e9es sur ce site mais leur annulation peut \u00eatre demand\u00e9e comme d\u00e9crit sur la page <a href=\"\/privacy\/\">Privacy<\/a><\/span><\/label><\/span><\/span><\/span><br \/>\n<input type=\"submit\" value=\"Envoyez la demande\" class=\"wpcf7-form-control has-spinner wpcf7-submit\" \/>\n<\/div>\n<\/div>\n<div class=\"wpcf7-response-output\" aria-hidden=\"true\"><\/div><\/form><\/div>[\/vc_column][\/vc_row]<\/p>\n","protected":false},"excerpt":{"rendered":"<p>[vc_row full_width=\u00a0\u00bbstretch_row_content\u00a0\u00bb gap=\u00a0\u00bb4&Prime; equal_height=\u00a0\u00bbyes\u00a0\u00bb css=\u00a0\u00bb.vc_custom_1606922799897{padding-top: 6.2em !important;padding-bottom: 7.2em !important;background-position: center !important;background-repeat: no-repeat !important;background-size: cover !important;}\u00a0\u00bb][vc_column][vc_masonry_media_grid element_width=\u00a0\u00bb3&Prime; grid_id=\u00a0\u00bbvc_gid:1610535320407-a9a6a894-378d-10&Prime; include=\u00a0\u00bb1263,1260,1254,1251,1248,1245,1235,1141,1087,1081,1045,1039&Prime;][\/vc_column][\/vc_row][vc_row full_width=\u00a0\u00bbstretch_row\u00a0\u00bb parallax=\u00a0\u00bbcontent-moving\u00a0\u00bb&hellip;<\/p>\n","protected":false},"author":2,"featured_media":1130,"parent":0,"menu_order":0,"comment_status":"closed","ping_status":"closed","template":"","meta":{"_joinchat":[]},"yoast_head":"<!-- This site is optimized with the Yoast SEO plugin v19.8 - https:\/\/yoast.com\/wordpress\/plugins\/seo\/ -->\n<title>La mer de Follonica, la mer de la c\u00f4te toscane de la Maremme<\/title>\n<meta name=\"description\" content=\"La mer de Follonica, la mer de la c\u00f4te toscane de la Maremme o\u00f9 l&#039;eau est propre et bleue, honor\u00e9e depuis de nombreuses ann\u00e9es par le drapeau bleu\" \/>\n<meta name=\"robots\" content=\"index, follow, max-snippet:-1, max-image-preview:large, max-video-preview:-1\" \/>\n<link rel=\"canonical\" href=\"https:\/\/www.bagnoilgabbiano.it\/fr\/photogallery\/\" \/>\n<meta property=\"og:locale\" content=\"fr_FR\" \/>\n<meta property=\"og:type\" content=\"article\" \/>\n<meta property=\"og:title\" content=\"La mer de Follonica, la mer de la c\u00f4te toscane de la Maremme\" \/>\n<meta property=\"og:description\" content=\"La mer de Follonica, la mer de la c\u00f4te toscane de la Maremme o\u00f9 l&#039;eau est propre et bleue, honor\u00e9e depuis de nombreuses ann\u00e9es par le drapeau bleu\" \/>\n<meta property=\"og:url\" content=\"https:\/\/www.bagnoilgabbiano.it\/fr\/photogallery\/\" \/>\n<meta property=\"og:site_name\" content=\"Stabilimento Balneare il Gabbiano Follonica, mare Toscana\" \/>\n<meta property=\"article:publisher\" content=\"https:\/\/www.facebook.com\/pages\/Bagno-Il-Gabbiano\/245784909503660\" \/>\n<meta property=\"og:image\" content=\"https:\/\/www.bagnoilgabbiano.it\/wp-content\/uploads\/2020\/11\/sfondo-spiaggia-2.jpg\" \/>\n\t<meta property=\"og:image:width\" content=\"1600\" \/>\n\t<meta property=\"og:image:height\" content=\"460\" \/>\n\t<meta property=\"og:image:type\" content=\"image\/jpeg\" \/>\n<meta name=\"twitter:card\" content=\"summary_large_image\" \/>\n<meta name=\"twitter:label1\" content=\"Dur\u00e9e de lecture estim\u00e9e\" \/>\n\t<meta name=\"twitter:data1\" content=\"1 minute\" \/>\n<script type=\"application\/ld+json\" class=\"yoast-schema-graph\">{\"@context\":\"https:\/\/schema.org\",\"@graph\":[{\"@type\":\"WebPage\",\"@id\":\"https:\/\/www.bagnoilgabbiano.it\/fr\/photogallery\/\",\"url\":\"https:\/\/www.bagnoilgabbiano.it\/fr\/photogallery\/\",\"name\":\"La mer de Follonica, la mer de la c\u00f4te toscane de la Maremme\",\"isPartOf\":{\"@id\":\"https:\/\/www.bagnoilgabbiano.it\/fr\/#website\"},\"datePublished\":\"2021-01-13T10:59:14+00:00\",\"dateModified\":\"2021-01-13T10:59:14+00:00\",\"description\":\"La mer de Follonica, la mer de la c\u00f4te toscane de la Maremme o\u00f9 l'eau est propre et bleue, honor\u00e9e depuis de nombreuses ann\u00e9es par le drapeau bleu\",\"breadcrumb\":{\"@id\":\"https:\/\/www.bagnoilgabbiano.it\/fr\/photogallery\/#breadcrumb\"},\"inLanguage\":\"fr-FR\",\"potentialAction\":[{\"@type\":\"ReadAction\",\"target\":[\"https:\/\/www.bagnoilgabbiano.it\/fr\/photogallery\/\"]}]},{\"@type\":\"BreadcrumbList\",\"@id\":\"https:\/\/www.bagnoilgabbiano.it\/fr\/photogallery\/#breadcrumb\",\"itemListElement\":[{\"@type\":\"ListItem\",\"position\":1,\"name\":\"Home\",\"item\":\"https:\/\/www.bagnoilgabbiano.it\/fr\/station-balneaire-il-gabbiano\/\"},{\"@type\":\"ListItem\",\"position\":2,\"name\":\"Photogallery\"}]},{\"@type\":\"WebSite\",\"@id\":\"https:\/\/www.bagnoilgabbiano.it\/fr\/#website\",\"url\":\"https:\/\/www.bagnoilgabbiano.it\/fr\/\",\"name\":\"Stabilimento Balneare il Gabbiano Follonica, mare Toscana\",\"description\":\"Bagno il Gabbiano Follonica\",\"publisher\":{\"@id\":\"https:\/\/www.bagnoilgabbiano.it\/fr\/#organization\"},\"potentialAction\":[{\"@type\":\"SearchAction\",\"target\":{\"@type\":\"EntryPoint\",\"urlTemplate\":\"https:\/\/www.bagnoilgabbiano.it\/fr\/?s={search_term_string}\"},\"query-input\":\"required name=search_term_string\"}],\"inLanguage\":\"fr-FR\"},{\"@type\":\"Organization\",\"@id\":\"https:\/\/www.bagnoilgabbiano.it\/fr\/#organization\",\"name\":\"Stabilimento Balneare il Gabbiano Follonica\",\"url\":\"https:\/\/www.bagnoilgabbiano.it\/fr\/\",\"sameAs\":[\"https:\/\/www.facebook.com\/pages\/Bagno-Il-Gabbiano\/245784909503660\"],\"logo\":{\"@type\":\"ImageObject\",\"inLanguage\":\"fr-FR\",\"@id\":\"https:\/\/www.bagnoilgabbiano.it\/fr\/#\/schema\/logo\/image\/\",\"url\":\"https:\/\/www.bagnoilgabbiano.it\/wp-content\/uploads\/2020\/11\/logo_verticale-e1606733506166.png\",\"contentUrl\":\"https:\/\/www.bagnoilgabbiano.it\/wp-content\/uploads\/2020\/11\/logo_verticale-e1606733506166.png\",\"width\":882,\"height\":1200,\"caption\":\"Stabilimento Balneare il Gabbiano Follonica\"},\"image\":{\"@id\":\"https:\/\/www.bagnoilgabbiano.it\/fr\/#\/schema\/logo\/image\/\"}}]}<\/script>\n<!-- \/ Yoast SEO plugin. -->","yoast_head_json":{"title":"La mer de Follonica, la mer de la c\u00f4te toscane de la Maremme","description":"La mer de Follonica, la mer de la c\u00f4te toscane de la Maremme o\u00f9 l'eau est propre et bleue, honor\u00e9e depuis de nombreuses ann\u00e9es par le drapeau bleu","robots":{"index":"index","follow":"follow","max-snippet":"max-snippet:-1","max-image-preview":"max-image-preview:large","max-video-preview":"max-video-preview:-1"},"canonical":"https:\/\/www.bagnoilgabbiano.it\/fr\/photogallery\/","og_locale":"fr_FR","og_type":"article","og_title":"La mer de Follonica, la mer de la c\u00f4te toscane de la Maremme","og_description":"La mer de Follonica, la mer de la c\u00f4te toscane de la Maremme o\u00f9 l'eau est propre et bleue, honor\u00e9e depuis de nombreuses ann\u00e9es par le drapeau bleu","og_url":"https:\/\/www.bagnoilgabbiano.it\/fr\/photogallery\/","og_site_name":"Stabilimento Balneare il Gabbiano Follonica, mare Toscana","article_publisher":"https:\/\/www.facebook.com\/pages\/Bagno-Il-Gabbiano\/245784909503660","og_image":[{"width":1600,"height":460,"url":"https:\/\/www.bagnoilgabbiano.it\/wp-content\/uploads\/2020\/11\/sfondo-spiaggia-2.jpg","type":"image\/jpeg"}],"twitter_card":"summary_large_image","twitter_misc":{"Dur\u00e9e de lecture estim\u00e9e":"1 minute"},"schema":{"@context":"https:\/\/schema.org","@graph":[{"@type":"WebPage","@id":"https:\/\/www.bagnoilgabbiano.it\/fr\/photogallery\/","url":"https:\/\/www.bagnoilgabbiano.it\/fr\/photogallery\/","name":"La mer de Follonica, la mer de la c\u00f4te toscane de la Maremme","isPartOf":{"@id":"https:\/\/www.bagnoilgabbiano.it\/fr\/#website"},"datePublished":"2021-01-13T10:59:14+00:00","dateModified":"2021-01-13T10:59:14+00:00","description":"La mer de Follonica, la mer de la c\u00f4te toscane de la Maremme o\u00f9 l'eau est propre et bleue, honor\u00e9e depuis de nombreuses ann\u00e9es par le drapeau bleu","breadcrumb":{"@id":"https:\/\/www.bagnoilgabbiano.it\/fr\/photogallery\/#breadcrumb"},"inLanguage":"fr-FR","potentialAction":[{"@type":"ReadAction","target":["https:\/\/www.bagnoilgabbiano.it\/fr\/photogallery\/"]}]},{"@type":"BreadcrumbList","@id":"https:\/\/www.bagnoilgabbiano.it\/fr\/photogallery\/#breadcrumb","itemListElement":[{"@type":"ListItem","position":1,"name":"Home","item":"https:\/\/www.bagnoilgabbiano.it\/fr\/station-balneaire-il-gabbiano\/"},{"@type":"ListItem","position":2,"name":"Photogallery"}]},{"@type":"WebSite","@id":"https:\/\/www.bagnoilgabbiano.it\/fr\/#website","url":"https:\/\/www.bagnoilgabbiano.it\/fr\/","name":"Stabilimento Balneare il Gabbiano Follonica, mare Toscana","description":"Bagno il Gabbiano Follonica","publisher":{"@id":"https:\/\/www.bagnoilgabbiano.it\/fr\/#organization"},"potentialAction":[{"@type":"SearchAction","target":{"@type":"EntryPoint","urlTemplate":"https:\/\/www.bagnoilgabbiano.it\/fr\/?s={search_term_string}"},"query-input":"required name=search_term_string"}],"inLanguage":"fr-FR"},{"@type":"Organization","@id":"https:\/\/www.bagnoilgabbiano.it\/fr\/#organization","name":"Stabilimento Balneare il Gabbiano Follonica","url":"https:\/\/www.bagnoilgabbiano.it\/fr\/","sameAs":["https:\/\/www.facebook.com\/pages\/Bagno-Il-Gabbiano\/245784909503660"],"logo":{"@type":"ImageObject","inLanguage":"fr-FR","@id":"https:\/\/www.bagnoilgabbiano.it\/fr\/#\/schema\/logo\/image\/","url":"https:\/\/www.bagnoilgabbiano.it\/wp-content\/uploads\/2020\/11\/logo_verticale-e1606733506166.png","contentUrl":"https:\/\/www.bagnoilgabbiano.it\/wp-content\/uploads\/2020\/11\/logo_verticale-e1606733506166.png","width":882,"height":1200,"caption":"Stabilimento Balneare il Gabbiano Follonica"},"image":{"@id":"https:\/\/www.bagnoilgabbiano.it\/fr\/#\/schema\/logo\/image\/"}}]}},"_links":{"self":[{"href":"https:\/\/www.bagnoilgabbiano.it\/fr\/wp-json\/wp\/v2\/pages\/1511"}],"collection":[{"href":"https:\/\/www.bagnoilgabbiano.it\/fr\/wp-json\/wp\/v2\/pages"}],"about":[{"href":"https:\/\/www.bagnoilgabbiano.it\/fr\/wp-json\/wp\/v2\/types\/page"}],"author":[{"embeddable":true,"href":"https:\/\/www.bagnoilgabbiano.it\/fr\/wp-json\/wp\/v2\/users\/2"}],"replies":[{"embeddable":true,"href":"https:\/\/www.bagnoilgabbiano.it\/fr\/wp-json\/wp\/v2\/comments?post=1511"}],"version-history":[{"count":0,"href":"https:\/\/www.bagnoilgabbiano.it\/fr\/wp-json\/wp\/v2\/pages\/1511\/revisions"}],"wp:featuredmedia":[{"embeddable":true,"href":"https:\/\/www.bagnoilgabbiano.it\/fr\/wp-json\/wp\/v2\/media\/1130"}],"wp:attachment":[{"href":"https:\/\/www.bagnoilgabbiano.it\/fr\/wp-json\/wp\/v2\/media?parent=1511"}],"curies":[{"name":"wp","href":"https:\/\/api.w.org\/{rel}","templated":true}]}}